{"id":3939,"date":"2022-04-28T11:23:43","date_gmt":"2022-04-28T11:23:43","guid":{"rendered":"https:\/\/larmchile.com\/?page_id=3939"},"modified":"2023-05-20T17:22:07","modified_gmt":"2023-05-20T17:22:07","slug":"certifications-policies","status":"publish","type":"page","link":"https:\/\/larmchile.com\/pt\/certifications-policies\/","title":{"rendered":"Certifications &#038; Policies"},"content":{"rendered":"<div data-elementor-type=\"wp-page\" data-elementor-id=\"3939\" class=\"elementor elementor-3939\">\n\t\t\t\t\t\t\t\t\t<section class=\"elementor-section elementor-top-section elementor-element elementor-element-1c600f83 elementor-section-height-min-height elementor-section-boxed elementor-section-height-default elementor-section-items-middle\" data-id=\"1c600f83\" data-element_type=\"section\" data-settings=\"{&quot;background_background&quot;:&quot;classic&quot;}\">\n\t\t\t\t\t\t<div class=\"elementor-container elementor-column-gap-default\">\n\t\t\t\t\t<div class=\"elementor-column elementor-col-100 elementor-top-column elementor-element elementor-element-7b48447f\" data-id=\"7b48447f\" data-element_type=\"column\">\n\t\t\t<div class=\"elementor-widget-wrap elementor-element-populated\">\n\t\t\t\t\t\t\t\t<section class=\"elementor-section elementor-inner-section elementor-element elementor-element-5304e25 elementor-section-boxed elementor-section-height-default elementor-section-height-default\" data-id=\"5304e25\" data-element_type=\"section\">\n\t\t\t\t\t\t<div class=\"elementor-container elementor-column-gap-default\">\n\t\t\t\t\t<div class=\"elementor-column elementor-col-100 elementor-inner-column elementor-element elementor-element-1a36221c\" data-id=\"1a36221c\" data-element_type=\"column\">\n\t\t\t<div class=\"elementor-widget-wrap elementor-element-populated\">\n\t\t\t\t\t\t\t\t<div class=\"elementor-element elementor-element-74c3c9b0 elementor-widget__width-auto elementor-widget elementor-widget-heading\" data-id=\"74c3c9b0\" data-element_type=\"widget\" data-widget_type=\"heading.default\">\n\t\t\t\t<div class=\"elementor-widget-container\">\n\t\t\t<style>\/*! elementor - v3.15.0 - 09-08-2023 *\/\n.elementor-heading-title{padding:0;margin:0;line-height:1}.elementor-widget-heading .elementor-heading-title[class*=elementor-size-]>a{color:inherit;font-size:inherit;line-height:inherit}.elementor-widget-heading .elementor-heading-title.elementor-size-small{font-size:15px}.elementor-widget-heading .elementor-heading-title.elementor-size-medium{font-size:19px}.elementor-widget-heading .elementor-heading-title.elementor-size-large{font-size:29px}.elementor-widget-heading .elementor-heading-title.elementor-size-xl{font-size:39px}.elementor-widget-heading .elementor-heading-title.elementor-size-xxl{font-size:59px}<\/style><h1 class=\"elementor-heading-title elementor-size-default\">certifications & policies<\/h1>\t\t<\/div>\n\t\t\t\t<\/div>\n\t\t\t\t\t<\/div>\n\t\t<\/div>\n\t\t\t\t\t\t\t<\/div>\n\t\t<\/section>\n\t\t\t\t\t<\/div>\n\t\t<\/div>\n\t\t\t\t\t\t\t<\/div>\n\t\t<\/section>\n\t\t\t\t<section class=\"elementor-section elementor-top-section elementor-element elementor-element-3f58c3a6 elementor-section-boxed elementor-section-height-default elementor-section-height-default\" data-id=\"3f58c3a6\" data-element_type=\"section\" data-settings=\"{&quot;background_background&quot;:&quot;classic&quot;}\">\n\t\t\t\t\t\t<div class=\"elementor-container elementor-column-gap-default\">\n\t\t\t\t\t<div class=\"elementor-column elementor-col-100 elementor-top-column elementor-element elementor-element-5d1a6642\" data-id=\"5d1a6642\" data-element_type=\"column\">\n\t\t\t<div class=\"elementor-widget-wrap elementor-element-populated\">\n\t\t\t\t\t\t\t\t<div class=\"elementor-element elementor-element-2f4ffc73 elementor-widget elementor-widget-heading\" data-id=\"2f4ffc73\" data-element_type=\"widget\" data-widget_type=\"heading.default\">\n\t\t\t\t<div class=\"elementor-widget-container\">\n\t\t\t<h2 class=\"elementor-heading-title elementor-size-default\">Certifica\u00e7\u00f5es &amp; Pol\u00edticas<\/h2>\t\t<\/div>\n\t\t\t\t<\/div>\n\t\t\t\t<div class=\"elementor-element elementor-element-6bfc6be2 elementor-widget__width-initial elementor-widget elementor-widget-heading\" data-id=\"6bfc6be2\" data-element_type=\"widget\" data-widget_type=\"heading.default\">\n\t\t\t\t<div class=\"elementor-widget-container\">\n\t\t\t<p class=\"elementor-heading-title elementor-size-default\">A top priority for LARM is the commitment to continuous improvement. We pride ourselves on being leaders in the mobility industry and our region when it comes to certifications and overall quality. We hold ourselves to the greatest international standards and commit ourselves to the highest level of compliance. Setting an example and being pioneers in every location we cover.<\/p>\t\t<\/div>\n\t\t\t\t<\/div>\n\t\t\t\t\t<\/div>\n\t\t<\/div>\n\t\t\t\t\t\t\t<\/div>\n\t\t<\/section>\n\t\t\t\t<section class=\"elementor-section elementor-top-section elementor-element elementor-element-54b4a3e1 elementor-section-boxed elementor-section-height-default elementor-section-height-default\" data-id=\"54b4a3e1\" data-element_type=\"section\" data-settings=\"{&quot;background_background&quot;:&quot;classic&quot;}\">\n\t\t\t\t\t\t<div class=\"elementor-container elementor-column-gap-default\">\n\t\t\t\t\t<div class=\"elementor-column elementor-col-100 elementor-top-column elementor-element elementor-element-24c51f\" data-id=\"24c51f\" data-element_type=\"column\">\n\t\t\t<div class=\"elementor-widget-wrap elementor-element-populated\">\n\t\t\t\t\t\t\t\t<section class=\"elementor-section elementor-inner-section elementor-element elementor-element-48233cf6 elementor-section-boxed elementor-section-height-default elementor-section-height-default\" data-id=\"48233cf6\" data-element_type=\"section\">\n\t\t\t\t\t\t<div class=\"elementor-container elementor-column-gap-default\">\n\t\t\t\t\t<div class=\"elementor-column elementor-col-33 elementor-inner-column elementor-element elementor-element-4d8c5e66\" data-id=\"4d8c5e66\" data-element_type=\"column\">\n\t\t\t<div class=\"elementor-widget-wrap elementor-element-populated\">\n\t\t\t\t\t\t\t\t<div class=\"elementor-element elementor-element-68a28bf3 elementor-hidden-desktop elementor-hidden-tablet elementor-hidden-mobile elementor-widget elementor-widget-eael-adv-accordion\" data-id=\"68a28bf3\" data-element_type=\"widget\" data-widget_type=\"eael-adv-accordion.default\">\n\t\t\t\t<div class=\"elementor-widget-container\">\n\t\t\t        <div class=\"eael-adv-accordion\" id=\"eael-adv-accordion-68a28bf3\" data-accordion-id=\"68a28bf3\" data-accordion-type=\"accordion\" data-toogle-speed=\"100\">\n    <div class=\"eael-accordion-list\">\n                <div id=\"argentina\" class=\"elementor-tab-title eael-accordion-header active-default\" tabindex=\"0\" data-tab=\"1\" aria-controls=\"elementor-tab-content-1751\"><h3 class=\"eael-accordion-tab-title\">Argentina<\/h3><span class=\"eael-advanced-accordion-icon-closed\"><i aria-hidden=\"true\" class=\"fa-accordion-icon fas fa-sort-down\"><\/i><\/span><span class=\"eael-advanced-accordion-icon-opened\"><i aria-hidden=\"true\" class=\"fa-accordion-icon fas fa-minus\"><\/i><\/span><\/div><div id=\"elementor-tab-content-1751\" class=\"eael-accordion-content clearfix active-default\" data-tab=\"1\" aria-labelledby=\"argentina\"><p><p><a href=\"\/wp-content\/uploads\/2022\/04\/LARM-ARGENTINA-S.A.-UKAS-9001-2015-CERTIFICATE-AR-U239206-v01.pdf\" target=\"_blank\" rel=\"noopener\">Bureau Veritas &#8211; ISO 9001:2015<\/a><\/p><\/p><\/div>\n                <\/div><div class=\"eael-accordion-list\">\n                <div id=\"colombia\" class=\"elementor-tab-title eael-accordion-header\" tabindex=\"0\" data-tab=\"2\" aria-controls=\"elementor-tab-content-1752\"><h3 class=\"eael-accordion-tab-title\">Col\u00f4mbia<\/h3><span class=\"eael-advanced-accordion-icon-closed\"><i aria-hidden=\"true\" class=\"fa-accordion-icon fas fa-sort-down\"><\/i><\/span><span class=\"eael-advanced-accordion-icon-opened\"><i aria-hidden=\"true\" class=\"fa-accordion-icon fas fa-minus\"><\/i><\/span><\/div><div id=\"elementor-tab-content-1752\" class=\"eael-accordion-content clearfix\" data-tab=\"2\" aria-labelledby=\"colombia\"><p><p><a href=\"\/wp-content\/uploads\/2022\/04\/CERTIFICADO-_LARM-COLOMBIA-SAS-_-ISO-IEC-27001.2013.pdf\" target=\"_blank\" rel=\"noopener\">SGS &#8211; ISO 27001<\/a><\/p><p><a href=\"\/wp-content\/uploads\/2022\/04\/CERTIFICADO_LARM-COLOMBIA-S.A.S.ISO-9001.2015.-2.pdf\" target=\"_blank\" rel=\"noopener\">ISO 9001<\/a><\/p><p><a href=\"\/wp-content\/uploads\/2022\/04\/CERTIFICADO-_LARM-COLOMBIA-SAS-_-ISO-14001.2015-1.pdf\" target=\"_blank\" rel=\"noopener\">ISO 14001<\/a><\/p><p><a href=\"\/wp-content\/uploads\/2022\/04\/CERTIFICADO-_LARM-COLOMBIA-SAS-_-ISO-45001.2018-2.pdf\" target=\"_blank\" rel=\"noopener\">ISO 45001<\/a><\/p><p><a href=\"\/wp-content\/uploads\/2022\/04\/EuRA-Colombia-2021.pdf\" target=\"_blank\" rel=\"noopener\">Eura Global Quality Seal<\/a><\/p><\/p><\/div>\n                <\/div><div class=\"eael-accordion-list\">\n                <div id=\"mexico\" class=\"elementor-tab-title eael-accordion-header\" tabindex=\"0\" data-tab=\"3\" aria-controls=\"elementor-tab-content-1753\"><h3 class=\"eael-accordion-tab-title\">M\u00e9xico<\/h3><span class=\"eael-advanced-accordion-icon-closed\"><i aria-hidden=\"true\" class=\"fa-accordion-icon fas fa-sort-down\"><\/i><\/span><span class=\"eael-advanced-accordion-icon-opened\"><i aria-hidden=\"true\" class=\"fa-accordion-icon fas fa-minus\"><\/i><\/span><\/div><div id=\"elementor-tab-content-1753\" class=\"eael-accordion-content clearfix\" data-tab=\"3\" aria-labelledby=\"mexico\"><p><p><a href=\"\/wp-content\/uploads\/2022\/04\/LARM-Mexico-Certification.png\" target=\"_blank\" rel=\"noopener\">Bureau Veritas &#8211; ISO 9001:2015<\/a><\/p><\/p><\/div>\n                <\/div><div class=\"eael-accordion-list\">\n                <div id=\"usa\" class=\"elementor-tab-title eael-accordion-header\" tabindex=\"0\" data-tab=\"4\" aria-controls=\"elementor-tab-content-1754\"><h3 class=\"eael-accordion-tab-title\">EUA<\/h3><span class=\"eael-advanced-accordion-icon-closed\"><i aria-hidden=\"true\" class=\"fa-accordion-icon fas fa-sort-down\"><\/i><\/span><span class=\"eael-advanced-accordion-icon-opened\"><i aria-hidden=\"true\" class=\"fa-accordion-icon fas fa-minus\"><\/i><\/span><\/div><div id=\"elementor-tab-content-1754\" class=\"eael-accordion-content clearfix\" data-tab=\"4\" aria-labelledby=\"usa\"><p><p><a href=\"\/wp-content\/uploads\/2022\/04\/LARM-USA-10109130-Final-Cert.pdf\" target=\"_blank\" rel=\"noopener\">Bureau Veritas &#8211; ISO 9001:2015<\/a><\/p><p><a href=\"\/wp-content\/uploads\/2022\/04\/Business-Conduct-Policies.pdf\" target=\"_blank\" rel=\"noopener\">Business Conduct Policies<\/a><\/p><p><a href=\"\/wp-content\/uploads\/2022\/04\/Quality-Policy-Statement-LARM-USA.pdf\" target=\"_blank\" rel=\"noopener\">Quality Policy Statement<\/a><\/p><\/p><\/div>\n                <\/div><\/div>\t\t<\/div>\n\t\t\t\t<\/div>\n\t\t\t\t\t<\/div>\n\t\t<\/div>\n\t\t\t\t<div class=\"elementor-column elementor-col-33 elementor-inner-column elementor-element elementor-element-6a8b2941\" data-id=\"6a8b2941\" data-element_type=\"column\">\n\t\t\t<div class=\"elementor-widget-wrap elementor-element-populated\">\n\t\t\t\t\t\t\t\t<div class=\"elementor-element elementor-element-102c32e elementor-widget elementor-widget-eael-adv-accordion\" data-id=\"102c32e\" data-element_type=\"widget\" data-widget_type=\"eael-adv-accordion.default\">\n\t\t\t\t<div class=\"elementor-widget-container\">\n\t\t\t        <div class=\"eael-adv-accordion\" id=\"eael-adv-accordion-102c32e\" data-accordion-id=\"102c32e\" data-accordion-type=\"accordion\" data-toogle-speed=\"100\">\n    <div class=\"eael-accordion-list\">\n                <div id=\"chile\" class=\"elementor-tab-title eael-accordion-header active-default\" tabindex=\"0\" data-tab=\"1\" aria-controls=\"elementor-tab-content-1691\"><h3 class=\"eael-accordion-tab-title\">Chile<\/h3><span class=\"eael-advanced-accordion-icon-closed\"><i aria-hidden=\"true\" class=\"fa-accordion-icon fas fa-sort-down\"><\/i><\/span><span class=\"eael-advanced-accordion-icon-opened\"><i aria-hidden=\"true\" class=\"fa-accordion-icon fas fa-minus\"><\/i><\/span><\/div><div id=\"elementor-tab-content-1691\" class=\"eael-accordion-content clearfix active-default\" data-tab=\"1\" aria-labelledby=\"chile\"><p><p><a href=\"\/wp-content\/uploads\/2022\/04\/Certificado-ISO-LARM-Chile-2021.pdf\" target=\"_blank\" rel=\"noopener\">Bureau Veritas &#8211; ISO 9001:2015<\/a><\/p><\/p><\/div>\n                <\/div><\/div>\t\t<\/div>\n\t\t\t\t<\/div>\n\t\t\t\t<div class=\"elementor-element elementor-element-5dfb3600 elementor-hidden-desktop elementor-hidden-tablet elementor-hidden-mobile elementor-widget elementor-widget-eael-adv-accordion\" data-id=\"5dfb3600\" data-element_type=\"widget\" data-widget_type=\"eael-adv-accordion.default\">\n\t\t\t\t<div class=\"elementor-widget-container\">\n\t\t\t        <div class=\"eael-adv-accordion\" id=\"eael-adv-accordion-5dfb3600\" data-accordion-id=\"5dfb3600\" data-accordion-type=\"accordion\" data-toogle-speed=\"100\">\n    <div class=\"eael-accordion-list\">\n                <div id=\"brazil\" class=\"elementor-tab-title eael-accordion-header active-default\" tabindex=\"0\" data-tab=\"1\" aria-controls=\"elementor-tab-content-1571\"><h3 class=\"eael-accordion-tab-title\">Brasil<\/h3><span class=\"eael-advanced-accordion-icon-closed\"><i aria-hidden=\"true\" class=\"fa-accordion-icon fas fa-sort-down\"><\/i><\/span><span class=\"eael-advanced-accordion-icon-opened\"><i aria-hidden=\"true\" class=\"fa-accordion-icon fas fa-minus\"><\/i><\/span><\/div><div id=\"elementor-tab-content-1571\" class=\"eael-accordion-content clearfix active-default\" data-tab=\"1\" aria-labelledby=\"brazil\"><p><p><a href=\"\/wp-content\/uploads\/2022\/04\/LARM-Brazil-Certification.pdf\" target=\"_blank\" rel=\"noopener\">Bureau Veritas &#8211; ISO 9001:2015<\/a><\/p><\/p><\/div>\n                <\/div><div class=\"eael-accordion-list\">\n                <div id=\"costa-rica\" class=\"elementor-tab-title eael-accordion-header\" tabindex=\"0\" data-tab=\"2\" aria-controls=\"elementor-tab-content-1572\"><h3 class=\"eael-accordion-tab-title\">Costa Rica<\/h3><span class=\"eael-advanced-accordion-icon-closed\"><i aria-hidden=\"true\" class=\"fa-accordion-icon fas fa-sort-down\"><\/i><\/span><span class=\"eael-advanced-accordion-icon-opened\"><i aria-hidden=\"true\" class=\"fa-accordion-icon fas fa-minus\"><\/i><\/span><\/div><div id=\"elementor-tab-content-1572\" class=\"eael-accordion-content clearfix\" data-tab=\"2\" aria-labelledby=\"costa-rica\"><p><p><a href=\"\/wp-content\/uploads\/2022\/04\/LARM-Costa-Rica-Certificado-ISO-9001-2015.pdf\" target=\"_blank\" rel=\"noopener\">INTECO &#8211; ISO 9001:2015<\/a><\/p><\/p><\/div>\n                <\/div><div class=\"eael-accordion-list\">\n                <div id=\"panama\" class=\"elementor-tab-title eael-accordion-header\" tabindex=\"0\" data-tab=\"3\" aria-controls=\"elementor-tab-content-1573\"><h3 class=\"eael-accordion-tab-title\">Panam\u00e1<\/h3><span class=\"eael-advanced-accordion-icon-closed\"><i aria-hidden=\"true\" class=\"fa-accordion-icon fas fa-sort-down\"><\/i><\/span><span class=\"eael-advanced-accordion-icon-opened\"><i aria-hidden=\"true\" class=\"fa-accordion-icon fas fa-minus\"><\/i><\/span><\/div><div id=\"elementor-tab-content-1573\" class=\"eael-accordion-content clearfix\" data-tab=\"3\" aria-labelledby=\"panama\"><p><p><a href=\"\/wp-content\/uploads\/2022\/04\/LARM-Panama-Certificado-ISO-2021.jpg\" target=\"_blank\" rel=\"noopener\">SGS &#8211; ISO 9001:2015<\/a><\/p><\/p><\/div>\n                <\/div><\/div>\t\t<\/div>\n\t\t\t\t<\/div>\n\t\t\t\t\t<\/div>\n\t\t<\/div>\n\t\t\t\t<div class=\"elementor-column elementor-col-33 elementor-inner-column elementor-element elementor-element-6bb7de7\" data-id=\"6bb7de7\" data-element_type=\"column\">\n\t\t\t<div class=\"elementor-widget-wrap elementor-element-populated\">\n\t\t\t\t\t\t\t\t<div class=\"elementor-element elementor-element-d03a2f8 elementor-hidden-desktop elementor-hidden-tablet elementor-hidden-mobile elementor-widget elementor-widget-eael-adv-accordion\" data-id=\"d03a2f8\" data-element_type=\"widget\" data-widget_type=\"eael-adv-accordion.default\">\n\t\t\t\t<div class=\"elementor-widget-container\">\n\t\t\t        <div class=\"eael-adv-accordion\" id=\"eael-adv-accordion-d03a2f8\" data-accordion-id=\"d03a2f8\" data-accordion-type=\"accordion\" data-toogle-speed=\"100\">\n    <div class=\"eael-accordion-list\">\n                <div id=\"chile\" class=\"elementor-tab-title eael-accordion-header active-default\" tabindex=\"0\" data-tab=\"1\" aria-controls=\"elementor-tab-content-2181\"><h3 class=\"eael-accordion-tab-title\">Chile<\/h3><span class=\"eael-advanced-accordion-icon-closed\"><i aria-hidden=\"true\" class=\"fa-accordion-icon fas fa-sort-down\"><\/i><\/span><span class=\"eael-advanced-accordion-icon-opened\"><i aria-hidden=\"true\" class=\"fa-accordion-icon fas fa-minus\"><\/i><\/span><\/div><div id=\"elementor-tab-content-2181\" class=\"eael-accordion-content clearfix active-default\" data-tab=\"1\" aria-labelledby=\"chile\"><p><p><a href=\"\/wp-content\/uploads\/2022\/04\/Certificado-ISO-LARM-Chile-2021.pdf\" target=\"_blank\" rel=\"noopener\">Bureau Veritas &#8211; ISO 9001:2015<\/a><\/p><\/p><\/div>\n                <\/div><div class=\"eael-accordion-list\">\n                <div id=\"ecuador\" class=\"elementor-tab-title eael-accordion-header\" tabindex=\"0\" data-tab=\"2\" aria-controls=\"elementor-tab-content-2182\"><h3 class=\"eael-accordion-tab-title\">Equador<\/h3><span class=\"eael-advanced-accordion-icon-closed\"><i aria-hidden=\"true\" class=\"fa-accordion-icon fas fa-sort-down\"><\/i><\/span><span class=\"eael-advanced-accordion-icon-opened\"><i aria-hidden=\"true\" class=\"fa-accordion-icon fas fa-minus\"><\/i><\/span><\/div><div id=\"elementor-tab-content-2182\" class=\"eael-accordion-content clearfix\" data-tab=\"2\" aria-labelledby=\"ecuador\"><p><p><a href=\"\/wp-content\/uploads\/2022\/04\/CERTIFICADO_LARM-ECUADOR-ISO-9001.2015.-1-1.pdf\" target=\"_blank\" rel=\"noopener\">SGS &#8211; ISO 9001:2015<\/a><\/p><\/p><\/div>\n                <\/div><div class=\"eael-accordion-list\">\n                <div id=\"peru\" class=\"elementor-tab-title eael-accordion-header\" tabindex=\"0\" data-tab=\"3\" aria-controls=\"elementor-tab-content-2183\"><h3 class=\"eael-accordion-tab-title\">Peru<\/h3><span class=\"eael-advanced-accordion-icon-closed\"><i aria-hidden=\"true\" class=\"fa-accordion-icon fas fa-sort-down\"><\/i><\/span><span class=\"eael-advanced-accordion-icon-opened\"><i aria-hidden=\"true\" class=\"fa-accordion-icon fas fa-minus\"><\/i><\/span><\/div><div id=\"elementor-tab-content-2183\" class=\"eael-accordion-content clearfix\" data-tab=\"3\" aria-labelledby=\"peru\"><p><p><a href=\"\/wp-content\/uploads\/2022\/04\/Certificado-Relocation-ISO-LARM-Peru.pdf\" target=\"_blank\" rel=\"noopener\">Bureau Veritas &#8211; ISO 9001:2015<\/a><\/p><\/p><\/div>\n                <\/div><\/div>\t\t<\/div>\n\t\t\t\t<\/div>\n\t\t\t\t\t<\/div>\n\t\t<\/div>\n\t\t\t\t\t\t\t<\/div>\n\t\t<\/section>\n\t\t\t\t\t<\/div>\n\t\t<\/div>\n\t\t\t\t\t\t\t<\/div>\n\t\t<\/section>\n\t\t\t\t\t\t\t<\/div>","protected":false},"excerpt":{"rendered":"<p>certifications &#038; policies Certifications &#038; Policies A top priority for LARM is the commitment to continuous improvement. We pride ourselves on being leaders in the mobility industry and our region when it comes to certifications and overall quality. We hold ourselves to the greatest international standards and commit ourselves to the highest level of compliance. &hellip;<\/p>\n<p class=\"read-more\"> <a class=\"\" href=\"https:\/\/larmchile.com\/pt\/certifications-policies\/\"> <span class=\"screen-reader-text\">Certifications &#038; Policies<\/span> Leia mais &raquo;<\/a><\/p>","protected":false},"author":2,"featured_media":0,"parent":0,"menu_order":0,"comment_status":"closed","ping_status":"closed","template":"","meta":{"site-sidebar-layout":"no-sidebar","site-content-layout":"page-builder","ast-global-header-display":"","ast-main-header-display":"","ast-hfb-above-header-display":"","ast-hfb-below-header-display":"","ast-hfb-mobile-header-display":"","site-post-title":"disabled","ast-breadcrumbs-content":"","ast-featured-img":"disabled","footer-sml-layout":"","theme-transparent-header-meta":"","adv-header-id-meta":"","stick-header-meta":"","header-above-stick-meta":"","header-main-stick-meta":"","header-below-stick-meta":"","footnotes":""},"class_list":["post-3939","page","type-page","status-publish","hentry"],"_links":{"self":[{"href":"https:\/\/larmchile.com\/pt\/wp-json\/wp\/v2\/pages\/3939","targetHints":{"allow":["GET"]}}],"collection":[{"href":"https:\/\/larmchile.com\/pt\/wp-json\/wp\/v2\/pages"}],"about":[{"href":"https:\/\/larmchile.com\/pt\/wp-json\/wp\/v2\/types\/page"}],"author":[{"embeddable":true,"href":"https:\/\/larmchile.com\/pt\/wp-json\/wp\/v2\/users\/2"}],"replies":[{"embeddable":true,"href":"https:\/\/larmchile.com\/pt\/wp-json\/wp\/v2\/comments?post=3939"}],"version-history":[{"count":10,"href":"https:\/\/larmchile.com\/pt\/wp-json\/wp\/v2\/pages\/3939\/revisions"}],"predecessor-version":[{"id":8050,"href":"https:\/\/larmchile.com\/pt\/wp-json\/wp\/v2\/pages\/3939\/revisions\/8050"}],"wp:attachment":[{"href":"https:\/\/larmchile.com\/pt\/wp-json\/wp\/v2\/media?parent=3939"}],"curies":[{"name":"wp","href":"https:\/\/api.w.org\/{rel}","templated":true}]}}